{"id":791,"date":"2012-02-12T09:55:50","date_gmt":"2012-02-12T08:55:50","guid":{"rendered":"http:\/\/www.venco.com.pl\/~cozy\/blog\/?page_id=791"},"modified":"2026-01-16T10:41:26","modified_gmt":"2026-01-16T09:41:26","slug":"bon-mot","status":"publish","type":"page","link":"http:\/\/u239160.webh.me\/jakisproblem.pl\/index.php\/bon-mot\/","title":{"rendered":"Bon mot"},"content":{"rendered":"<ul>\n<li>Wci\u0105gn\u0105\u0142bym brzuch, gdybym mia\u0142 gdzie [prof. Bralczyk]<\/li>\n<li>Pogl\u0105dy weryfikowa\u0107 przy pomocy wiedzy, a nie wiedz\u0119 ogranicza\u0107 tak, aby pasowa\u0142a do pogl\u0105d\u00f3w [Maciej Makselon]<\/li>\n<li>Dla Daukszewicza to by\u0142o nieakceptowalne i dlatego w\u0142a\u015bnie zastosowa\u0142 manewr marsza\u0142ka Ferdynanda Focha. [Wojciech Orli\u0144ski]<\/li>\n<li>Wracam do przesz\u0142o\u015bci, bo przysz\u0142o\u015b\u0107 jest kr\u00f3tsza [Andrzej Stasiuk]<\/li>\n<li>Tak kr\u00f3tka jest mi\u0142o\u015b\u0107, a tak d\u0142ugie zapominanie. [Pablo Neruda]<\/li>\n<li>Filmy, kt\u00f3re chce robi\u0107 w\u0142adza, zawsze b\u0119d\u0105 do kitu [Cezary \u0141azarewicz]<\/li>\n<li>Czas, kt\u00f3ry po\u015bwi\u0119casz na niszczenie jej, to jest czas, kt\u00f3ry tracisz na budowanie siebie [M. Gessler]<\/li>\n<li>nie lubi\u0119 &#8211; jako czytelnik &#8211; kiedy autor prze\u017cywa za mnie albo sugeruje mi, co mam czu\u0107. [Micha\u0142 Danielewicz]<\/li>\n<li>Przeci\u0119tny cz\u0142owiek jest do\u015b\u0107 g\u0142upi. A skoro tak, to przynajmniej po\u0142owa og\u00f3\u0142u musi by\u0107 bardzo g\u0142upia [George Clinton]<\/li>\n<li>Samiec omega ma nieustann\u0105 \u015bwiadomo\u015b\u0107 tego, \u017ce jest na granicy pora\u017cki i musi si\u0119 jej w pewien spos\u00f3b przeciwstawi\u0107. Musi bardziej o to swoje \u017cycie dba\u0107, rozwija\u0107 si\u0119, mimo wielu rozczarowa\u0144. [Krzysztof Varga]<\/li>\n<li>Ekspert to kto\u015b, kto pope\u0142ni\u0142 wszystkie mo\u017cliwe b\u0142\u0119dy w jakiej\u015b w\u0105skiej dziedzinie [prof. Zbigniew Szawarski]<\/li>\n<li>Kolejny przedmiot wyrzucam Rozstaj\u0119 si\u0119 z kolejn\u0105 rzecz\u0105 mnie takie rzeczy lecz\u0105 \u017ce rzeczy oknem lec\u0105 a \u015bciany pustk\u0105 \u015bwiec\u0105 Mniej mam i mniemam \u017ce nie mam ja mienia mnie nie omamia mania mania mniemania ja mam imi\u0119 a nie&#8230; nie mienie si\u0119 mianem ja mani\u0119 mam na \u201enie\u201d a me imi\u0119 \u2013 Niemanie. [Pawe\u0142 Czekalski]<\/li>\n<li>Nie musicie przerywa\u0107 zabawy tylko dlatego, \u017ce do lokalu wszed\u0142 oficer gestapo w kiepskim humorze [Her Flick Allo, Allo]<\/li>\n<li>D\u017cd\u017cystym rankiem g\u017ceg\u017c\u00f3\u0142ki i pieg\u017ce, zamiast wzi\u0105\u0107 si\u0119 za d\u017cd\u017cownice, na\u017car\u0142y si\u0119 na czczo mi\u0105\u017cszu rze\u017cuchy i rz\u0119dem rzyga\u0142y do roz\u017carzonej brytfanny.<\/li>\n<li>M\u00f3j angielski jest bardziej m\u00f3j ni\u017c angielski [A.Poniedzielski]<\/li>\n<li>Je\u015bli chcemy, by wszystko pozosta\u0142o tak jak jest, wszystko musi si\u0119 zmieni\u0107 [Giuseppe Tomasi di Lampedusa]<\/li>\n<li>Ludzie bardzo cz\u0119sto dobieraj\u0105 si\u0119 na zasadzie deficyt\u00f3w. [PokolenieIkea.pl]<\/li>\n<li>A \u017cycie sk\u0142ada si\u0119 z drobnych moment\u00f3w, kt\u00f3re trzeba nauczy\u0107 si\u0119 kolekcjonowa\u0107.\u00a0[PokolenieIkea.pl]<\/li>\n<li>Gdy cz\u0142owiek czyta g\u0142\u00f3wnie rzeczy, z kt\u00f3rymi si\u0119 zgadza, parszywieje intelektualnie.[Grzegorz Sroczy\u0144ski]<\/li>\n<li>Ludzie, kt\u00f3rzy si\u0119 obra\u017caj\u0105, nie zrobi\u0105 nic dobrego [Jan Holoubek]<\/li>\n<li>Najciemniejsza strona pisania to nieustanna w\u0105tpliwo\u015b\u0107 [Jan Holoubek]<\/li>\n<li>Z talentem nie wygrasz [A. Andrus]<\/li>\n<li>Arty\u015bci to ludzie, kt\u00f3rzy nie mieszcz\u0105 si\u0119 w sobie [Agnieszka Gli\u0144ska]<\/li>\n<li>Za moim ojcem wci\u0105\u017c biega\u0142o UB i od dziecka uczono mnie, by <strong>trzyma\u0107 karty przy orderach\u00a0<\/strong>[Przemys\u0142aw Bry\u0142kowski w artykule o Wojciechu \u0141\u0105czewskim]<\/li>\n<li>Zarabia\u0107 <strong>iloczyn<\/strong> tego co w s\u0105dzie\u00a0[Przemys\u0142aw Bry\u0142kowski w artykule o Wojciechu \u0141\u0105czewskim]<\/li>\n<li>&#8230;sta\u0142o si\u0119 jasne, \u017ce znale\u017ali\u015bmy si\u0119 <strong>na obszarze zaminowanym przez potencjalne konflikty interes\u00f3w<\/strong> [Przemys\u0142aw Bry\u0142kowski w artykule o Wojciechu \u0141\u0105czewskim]<\/li>\n<li>Dopiero jednak nowoczesna pornografia wy\u0142aniaj\u0105ca si\u0119 po rewolucjo obyczajowej lat 60. XX w. tworzy co\u015b, co mo\u017cna nazwa\u0107 &#8222;przemys\u0142em seksualnym&#8217;: dzia\u0142aj\u0105c\u0105 zgodnie z logik\u0105 kapitalistycznej akumulacji,\u00a0<strong>zestandaryzowan\u0105 maszyn\u0119 do seryjnej produkcji pragnie\u0144 i prze\u017cy\u0107 erotycznych.<\/strong>[Jan Sowa, Krzysztof Wola\u0144ski &#8211; Sport nie istnieje]<\/li>\n<li>Artysta musi by\u0107 przeciwko czemu\u015b [z wywiadu z J.Stuherm]<\/li>\n<li>Do cz\u0119\u015b\u0107 naszego narodu nigdy nie mia\u0142em specjalnych z\u0142udze\u0144 [J. Stuhr]<\/li>\n<li>Czy ty naprawd\u0119 musisz si\u0119 chwali\u0107 stopniem rozwoju, na kt\u00f3rym si\u0119 zatrzyma\u0142e\u015b? [przeczytane w sieci]<\/li>\n<li>&#8230;l\u015bni niczym Przybora i Wasowski &#8211; bastion klasy i warto\u015bci zagro\u017cony powszechnym schamieniem i post\u0119puj\u0105c\u0105 prymitywizacj\u0105 [Paulina Wilk o RPO Adamie Bodnarze]<\/li>\n<li>&#8230;pewien pan dzia\u0142aj\u0105cy w takim rewirze sceny \u015bwiatopogl\u0105dowej, \u017ce na prawo od niego stoi ju\u017c tylko Iwan Gro\u017any [Paulina Wilk]<\/li>\n<li>Opozycja na tym tle jawi si\u0119 jako nieszkodliwa, zagubiona we mgle grupa turyst\u00f3w, kt\u00f3ra niespodziewanie wyl\u0105dowa\u0142a na polu bitwy\u00a0\u00a0[Leszek Ja\u017cd\u017cewski]<\/li>\n<li>W\u0142adcy marionetek spl\u0105ta\u0142y si\u0119 sznurki. By\u0107 mo\u017ce b\u0119dzie musia\u0142 si\u0119gn\u0105\u0107 po n\u00f3\u017c [Leszek Ja\u017cd\u017cewski]<\/li>\n<li>Demokracj\u0119 od tyranii odr\u00f3\u017cnia mi\u0119dzy innymi poszanowanie prawa. \u00a0[Leszek Ja\u017cd\u017cewski]<\/li>\n<li>Parafrazuj\u0105c Stalina &#8211; kt\u00f3ry zapyta\u0142 z lekcewa\u017ceniem, ile dywizji ma papie\u017c &#8211; mo\u017cna by zada\u0107 pytanie, ile dywizji ma konstytucja?\u00a0[Leszek Ja\u017cd\u017cewski]<\/li>\n<li>Litery ju\u017c nie dawa\u0142y rady d\u017awiga\u0107 jego my\u015bli [Iza Michalewicz o \u015bmierci Kakolewskiego]<\/li>\n<li>\u017byjemy przecie\u017c w pa\u0144stwie, w kt\u00f3rym ka\u017cdy ma prawo wyboru, r\u00f3wnie\u017c wyboru antykoncepcji. A tak\u017ce prawo dost\u0119u do wiedzy opartej na aktualnych wynikach bada\u0144 [Zbigniew Izdebski]<\/li>\n<li>Reporta\u017c literacki jest jak dziobak australijski. Dziobak ma dzi\u00f3b kaczki, w\u0142osy kreta, nogi jak \u017caba, ogon bobra i jest ssakiem, kt\u00f3ry znosi jaja. Reporta\u017c literacki jest w\u0142a\u015bnie takim dziwnym zwierzem &#8211; a por\u00f3wnanie to zapo\u017cyczam od moich latynoskich koleg\u00f3w po pi\u00f3rze.\u00a0 Z powie\u015bci reporter bierze techniki narracyjne i szeroki kontekst spo\u0142eczny. Z opowiadania &#8211; dramatyzm osi\u0105gni\u0119ty w kr\u00f3tkim tek\u015bcie. Z eseju &#8211; budowanie argument\u00f3w. Z filmu &#8211; monta\u017c. Reporter mo\u017ce, jak w filmie, r\u00f3\u017cnie montowa\u0107 kolejno\u015b\u0107 pokazywania zdarze\u0144, ale musi by\u0107 jasne, co w opowiadanej historii by\u0142o najpierw, a co by\u0142o potem &#8211; tak jak w filmie. Absolutnie nie mo\u017ce niczego zmy\u015bla\u0107. W reporta\u017cu literackim fakty musz\u0105 si\u0119 zgadza\u0107. Inaczej to nie jest reporta\u017c. [Artur Domos\u0142awski]<\/li>\n<li>PiS jak Jasiu myli rzeczywisto\u015b\u0107 ze swoimi wyobra\u017ceniami o nieistniej\u0105cych tw\u00f3rcach w\u015br\u00f3d nieistniej\u0105cego narodu. [Pawe\u0142 Demirski]<\/li>\n<li>\u015awiat nie zostanie zniszczony przez tych, kt\u00f3rzy czyni\u0105 z\u0142o tylko przez tych, kt\u00f3rzy patrz\u0105 na to bezczynnie [A. Einstein]<\/li>\n<li>Encyklopedia mu si\u0119 z encyklik\u0105 pomyli\u0142a [Joanna Mucha]<\/li>\n<li>che\u0142pi\u0105cych si\u0119 wolno\u015bci\u0105 od kultury , wolno\u015bci\u0105 od tolerancji, wolno\u015bci\u0105 od dobrych obyczaj\u00f3w [Joanna Mucha]<\/li>\n<li>Sometimes you need to serve in order to lead. [Troja]<\/li>\n<li>Ka\u017cdy problem ma rozwi\u0105zanie. Je\u017celi nie ma rozwi\u0105zania, nie ma problemu.<\/li>\n<li>\n<div class=\"copy-paste-block\"><span style=\"color: #000000;\"><span class=\"bqQuoteLink\"><a style=\"color: #000000;\" title=\"view quote\" href=\"http:\/\/www.brainyquote.com\/quotes\/quotes\/p\/phildonahu111850.html?src=t_solution\">Suicide is a permanent solution to a temporary problem. (<\/a><\/span><a style=\"color: #000000;\" title=\"view author\" href=\"http:\/\/www.brainyquote.com\/quotes\/authors\/p\/phil_donahue.html\">Phil Donahue)<\/a><\/span><\/div>\n<\/li>\n<li>\u017bycz\u0119 Ci aby\u015b\u00a0mia\u0142 jako\u015b albo co\u015b tam [A. Poniedzielski]<\/li>\n<li>Prawdochybapodobnie [A. Poniedzielski]<\/li>\n<li>Dobre dzie\u0142a broni\u0105 si\u0119 same. Z\u0142ych musz\u0105 broni\u0107 autorzy&#8230;<\/li>\n<li>You must look at the facts because they look at you (Winston Churchill)<\/li>\n<li>Sarkazm to nie jest gatunek humoru, kt\u00f3ry uprawia si\u0119 chichocz\u0105c<\/li>\n<li>Kruchtoalkoholicy &#8211; ci, co pij\u0105 w ko\u015bciele, kryptoalkoholik &#8211; ten co pije pod nieswoim nazwiskiem<\/li>\n<li>Nie ma w s\u0142owniku ludzi kulturalnych s\u0142\u00f3w, kt\u00f3re w dostatecznie obel\u017cywy spos\u00f3b by\u0142by w stanie odda\u0107 pana zachowanie.<\/li>\n<li>Paradoks biegunki &#8211; i cz\u0119sto i rzadko<\/li>\n<li>Konwersacyjnie zrobi\u0142 si\u0119 niewydolny<\/li>\n<li>Mam wra\u017cenie, \u017ce si\u0119 wylogowa\u0142 i nie ma PIN-u by si\u0119 wklepa\u0107<\/li>\n<li>M\u00f3j m\u0142odszy syn &#8211; bo starszy jest ju\u017c w moim wieku<\/li>\n<li>Nie umawiaj si\u0119 z siksami, kt\u00f3re maj\u0105 tyle lat co kom\u00f3rka<\/li>\n<li>Niedoinwestowany umys\u0142owo<\/li>\n<li>egoista to ten co nie my\u015bli o tobie?<\/li>\n<li>\u017ceby s\u0142o\u0144ce nie zachodzi\u0142o nad twoim gniewem<\/li>\n<li>\u015bwiat \u0142amie ka\u017cdego. potem niekt\u00f3rzy s\u0105 silniejsi w miejscu z\u0142amania<\/li>\n<li>tam nie warto\u015bci a jedynie ceny<\/li>\n<li>dlaczego dwie kary na raz? Taka promocja<\/li>\n<li>chc\u0105c unikn\u0105\u0107 konfliktu z otoczeniem, wcze\u015bniej czy p\u00f3\u017aniej wejdzie si\u0119 konflikt z samym sob\u0105<\/li>\n<li>Gdyby z tego puntu widzenia zbada\u0107 histori\u0119 czas\u00f3w nowoczesnych, to okaza\u0142o by si\u0119, \u017ce wynajdywane, testowane, pot\u0119piane i chwalone formy spo\u0142ecznego wsp\u00f3\u0142\u017cycia r\u00f3\u017cni\u0142y si\u0119 sposobami r\u00f3wnowa\u017cenia wolno\u015bci i bezpiecze\u0144stwa (Zygmunt Bauman)<\/li>\n<li>To, czego pod\u015bwiadomie najbardziej pragniemy to poznanie przyczyny naszego strachu. (Zygmunt Bauman)<\/li>\n<li>Polemika z g\u0142upstwem nobilituje je bez potrzeby (Stefan Kisielewski)<\/li>\n<li>Nie wolno mi tego robi\u0107, bo ja mam w r\u0119ku bro\u0144: umiem udawa\u0107 i m\u00f3g\u0142bym ludzi porwa\u0107 ideologi\u0105, w kt\u00f3r\u0105 nie wierz\u0119. Nie wolno mi anga\u017cowa\u0107 si\u0119 w polityk\u0119 (Jerzy Stuhr)<\/li>\n<li>\n<p class=\"quiz-question\">Cz\u0142owiek jest najg\u0142\u0119biej uzale\u017cniony od swojego odbicia w duszy drugiego cz\u0142owieka (W.Gombrowicz &#8211; Ferdydurke)<\/p>\n<\/li>\n<\/ul>\n","protected":false},"excerpt":{"rendered":"<p class=\"excerpt\">Wci\u0105gn\u0105\u0142bym brzuch, gdybym mia\u0142 gdzie [prof. Bralczyk] Pogl\u0105dy weryfikowa\u0107 przy pomocy wiedzy, a nie wiedz\u0119 ogranicza\u0107 tak, aby pasowa\u0142a do pogl\u0105d\u00f3w [Maciej Makselon] Dla Daukszewicza to by\u0142o nieakceptowalne i dlatego w\u0142a\u015bnie zastosowa\u0142 manewr marsza\u0142ka Ferdynanda Focha. [Wojciech Orli\u0144ski] Wracam do przesz\u0142o\u015bci, bo przysz\u0142o\u015b\u0107 jest kr\u00f3tsza [Andrzej Stasiuk] Tak kr\u00f3tka jest mi\u0142o\u015b\u0107, a tak d\u0142ugie zapominanie.&hellip;<\/p>\n<p class=\"more-link-p\"><a class=\"more-link\" href=\"http:\/\/u239160.webh.me\/jakisproblem.pl\/index.php\/bon-mot\/\">Read more &rarr;<\/a><\/p>\n","protected":false},"author":1,"featured_media":0,"parent":0,"menu_order":0,"comment_status":"open","ping_status":"closed","template":"","meta":{"footnotes":""},"class_list":["post-791","page","type-page","status-publish","hentry"],"_links":{"self":[{"href":"http:\/\/u239160.webh.me\/jakisproblem.pl\/index.php\/wp-json\/wp\/v2\/pages\/791","targetHints":{"allow":["GET"]}}],"collection":[{"href":"http:\/\/u239160.webh.me\/jakisproblem.pl\/index.php\/wp-json\/wp\/v2\/pages"}],"about":[{"href":"http:\/\/u239160.webh.me\/jakisproblem.pl\/index.php\/wp-json\/wp\/v2\/types\/page"}],"author":[{"embeddable":true,"href":"http:\/\/u239160.webh.me\/jakisproblem.pl\/index.php\/wp-json\/wp\/v2\/users\/1"}],"replies":[{"embeddable":true,"href":"http:\/\/u239160.webh.me\/jakisproblem.pl\/index.php\/wp-json\/wp\/v2\/comments?post=791"}],"version-history":[{"count":22,"href":"http:\/\/u239160.webh.me\/jakisproblem.pl\/index.php\/wp-json\/wp\/v2\/pages\/791\/revisions"}],"predecessor-version":[{"id":2600,"href":"http:\/\/u239160.webh.me\/jakisproblem.pl\/index.php\/wp-json\/wp\/v2\/pages\/791\/revisions\/2600"}],"wp:attachment":[{"href":"http:\/\/u239160.webh.me\/jakisproblem.pl\/index.php\/wp-json\/wp\/v2\/media?parent=791"}],"curies":[{"name":"wp","href":"https:\/\/api.w.org\/{rel}","templated":true}]}}