{"id":28,"date":"2009-11-02T10:49:25","date_gmt":"2009-11-02T09:49:25","guid":{"rendered":"http:\/\/www.venco.com.pl\/~cozy\/blog\/?page_id=28"},"modified":"2009-11-02T10:49:25","modified_gmt":"2009-11-02T09:49:25","slug":"lacina","status":"publish","type":"page","link":"http:\/\/u239160.webh.me\/jakisproblem.pl\/index.php\/lacina\/","title":{"rendered":"\u0141acina"},"content":{"rendered":"<p><strong><b><span class=\"10ptGeorgia\">cui bono (fuerit)?<\/span><\/b> &#8211; <\/strong>komo to mia\u0142o przynie\u015b\u0107 korzy\u015b\u0107<strong><br \/>\n<\/strong><\/p>\n<p><strong>is fecit cui prodest<\/strong> &#8211; ten zawini\u0142, czyja korzy\u015b\u0107<\/p>\n<p><strong>prima facie<\/strong> [wym. facje] na pierwszy\u00a0 rzut oka, bez zag\u0142\u0119biania si\u0119 w spraw\u0119.<\/p>\n<p><strong>sui generis<\/strong> swego rodzaju; w swoim (w\u0142asnym) rodzaju; swoisty, osobliwy.<\/p>\n<p><strong>per facta concludentia<\/strong> &#8211; w spos\u00f3b dorozumiany<\/p>\n<p><strong>Non sunt multiplicanda entia sine necessitate <\/strong> &#8211; istnie\u0144 nie nale\u017cy mno\u017cy\u0107 ponad potrzeb\u0119 (tzw. Brzytwa Ockhama)<\/p>\n<p><strong><span id=\"Verba_volant.2C_scripta_manent_.28sentencja_.C5.82aci.C5.84ska.29\">Verba volant, scripta manent &#8211; <\/span><\/strong><span id=\"Verba_volant.2C_scripta_manent_.28sentencja_.C5.82aci.C5.84ska.29\">s\u0142owa<\/span><span id=\"Verba_volant.2C_scripta_manent_.28sentencja_.C5.82aci.C5.84ska.29\"> <\/span><span id=\"Verba_volant.2C_scripta_manent_.28sentencja_.C5.82aci.C5.84ska.29\">ulatuj\u0105, pisma pozostaj\u0105.<\/span><\/p>\n<p><strong>pars pro toto &#8211; <\/strong>wyra\u017canie ca\u0142o\u015bci przez jej cz\u0119\u015b\u0107<\/p>\n<p><strong>ave atque vale &#8211; <\/strong>witaj i \u017cegnaj zarazem.<\/p>\n<p><strong>tertium non datur &#8211; <\/strong>trzeciej mo\u017cliwo\u015bci nie ma.<\/p>\n<p><strong>expressis verbis\u00a0 &#8211; <\/strong> dos\u0142ownie, dobitnie, bez ogr\u00f3dek<\/p>\n<p><strong>inter partes &#8211; <\/strong> mi\u0119dzy stronami<\/p>\n<p><strong>erga omnes &#8211; <\/strong> wi\u0105\u017c\u0105ce dla wszystkich<\/p>\n<p><strong>Non omne licitum honestum &#8211; <\/strong> Nie wszystko, co jest dozwolone, jest godziwe<\/p>\n","protected":false},"excerpt":{"rendered":"<p class=\"excerpt\">cui bono (fuerit)? &#8211; komo to mia\u0142o przynie\u015b\u0107 korzy\u015b\u0107 is fecit cui prodest &#8211; ten zawini\u0142, czyja korzy\u015b\u0107 prima facie [wym. facje] na pierwszy\u00a0 rzut oka, bez zag\u0142\u0119biania si\u0119 w spraw\u0119. sui generis swego rodzaju; w swoim (w\u0142asnym) rodzaju; swoisty, osobliwy. per facta concludentia &#8211; w spos\u00f3b dorozumiany Non sunt multiplicanda entia sine necessitate &#8211;&hellip;<\/p>\n<p class=\"more-link-p\"><a class=\"more-link\" href=\"http:\/\/u239160.webh.me\/jakisproblem.pl\/index.php\/lacina\/\">Read more &rarr;<\/a><\/p>\n","protected":false},"author":1,"featured_media":0,"parent":0,"menu_order":0,"comment_status":"open","ping_status":"open","template":"","meta":{"footnotes":""},"class_list":["post-28","page","type-page","status-publish","hentry"],"_links":{"self":[{"href":"http:\/\/u239160.webh.me\/jakisproblem.pl\/index.php\/wp-json\/wp\/v2\/pages\/28","targetHints":{"allow":["GET"]}}],"collection":[{"href":"http:\/\/u239160.webh.me\/jakisproblem.pl\/index.php\/wp-json\/wp\/v2\/pages"}],"about":[{"href":"http:\/\/u239160.webh.me\/jakisproblem.pl\/index.php\/wp-json\/wp\/v2\/types\/page"}],"author":[{"embeddable":true,"href":"http:\/\/u239160.webh.me\/jakisproblem.pl\/index.php\/wp-json\/wp\/v2\/users\/1"}],"replies":[{"embeddable":true,"href":"http:\/\/u239160.webh.me\/jakisproblem.pl\/index.php\/wp-json\/wp\/v2\/comments?post=28"}],"version-history":[{"count":0,"href":"http:\/\/u239160.webh.me\/jakisproblem.pl\/index.php\/wp-json\/wp\/v2\/pages\/28\/revisions"}],"wp:attachment":[{"href":"http:\/\/u239160.webh.me\/jakisproblem.pl\/index.php\/wp-json\/wp\/v2\/media?parent=28"}],"curies":[{"name":"wp","href":"https:\/\/api.w.org\/{rel}","templated":true}]}}