{"id":253,"date":"2010-03-01T18:02:33","date_gmt":"2010-03-01T17:02:33","guid":{"rendered":"http:\/\/www.venco.com.pl\/~cozy\/blog\/?page_id=253"},"modified":"2018-03-18T15:33:43","modified_gmt":"2018-03-18T14:33:43","slug":"polski","status":"publish","type":"page","link":"http:\/\/u239160.webh.me\/jakisproblem.pl\/index.php\/polski\/","title":{"rendered":"Polski"},"content":{"rendered":"<p>&#8222;wszem wobec&#8221; a nie &#8222;wszem i wobec&#8221;<\/p>\n<p>&#8222;co rusz&#8221; a nie &#8222;co i rusz&#8221;<\/p>\n<p>&#8222;W g\u0105szczu szczawiu we Wrzeszczu klaszcz\u0105 kleszcze na deszczu, szepcze szczygie\u0142 w szczelinie, szczeka szczeniak w Szczuczynie, piszczy pszczo\u0142a pod Pszczyn\u0105, \u015bwiszcze \u015bwierszcz pod leszczyn\u0105, a trzy pliszki i liszka taszcz\u0105 p\u0142aszcze w Szypliszkach.&#8221;<\/p>\n","protected":false},"excerpt":{"rendered":"<p class=\"excerpt\">&#8222;wszem wobec&#8221; a nie &#8222;wszem i wobec&#8221; &#8222;co rusz&#8221; a nie &#8222;co i rusz&#8221; &#8222;W g\u0105szczu szczawiu we Wrzeszczu klaszcz\u0105 kleszcze na deszczu, szepcze szczygie\u0142 w szczelinie, szczeka szczeniak w Szczuczynie, piszczy pszczo\u0142a pod Pszczyn\u0105, \u015bwiszcze \u015bwierszcz pod leszczyn\u0105, a trzy pliszki i liszka taszcz\u0105 p\u0142aszcze w Szypliszkach.&#8221;<\/p>\n<p class=\"more-link-p\"><a class=\"more-link\" href=\"http:\/\/u239160.webh.me\/jakisproblem.pl\/index.php\/polski\/\">Read more &rarr;<\/a><\/p>\n","protected":false},"author":1,"featured_media":0,"parent":0,"menu_order":0,"comment_status":"open","ping_status":"closed","template":"","meta":{"footnotes":""},"class_list":["post-253","page","type-page","status-publish","hentry"],"_links":{"self":[{"href":"http:\/\/u239160.webh.me\/jakisproblem.pl\/index.php\/wp-json\/wp\/v2\/pages\/253","targetHints":{"allow":["GET"]}}],"collection":[{"href":"http:\/\/u239160.webh.me\/jakisproblem.pl\/index.php\/wp-json\/wp\/v2\/pages"}],"about":[{"href":"http:\/\/u239160.webh.me\/jakisproblem.pl\/index.php\/wp-json\/wp\/v2\/types\/page"}],"author":[{"embeddable":true,"href":"http:\/\/u239160.webh.me\/jakisproblem.pl\/index.php\/wp-json\/wp\/v2\/users\/1"}],"replies":[{"embeddable":true,"href":"http:\/\/u239160.webh.me\/jakisproblem.pl\/index.php\/wp-json\/wp\/v2\/comments?post=253"}],"version-history":[{"count":1,"href":"http:\/\/u239160.webh.me\/jakisproblem.pl\/index.php\/wp-json\/wp\/v2\/pages\/253\/revisions"}],"predecessor-version":[{"id":1988,"href":"http:\/\/u239160.webh.me\/jakisproblem.pl\/index.php\/wp-json\/wp\/v2\/pages\/253\/revisions\/1988"}],"wp:attachment":[{"href":"http:\/\/u239160.webh.me\/jakisproblem.pl\/index.php\/wp-json\/wp\/v2\/media?parent=253"}],"curies":[{"name":"wp","href":"https:\/\/api.w.org\/{rel}","templated":true}]}}