{"id":1708,"date":"2017-07-05T19:36:15","date_gmt":"2017-07-05T18:36:15","guid":{"rendered":"http:\/\/www.venco.com.pl\/~cozy\/blog\/?page_id=1708"},"modified":"2023-01-18T12:25:54","modified_gmt":"2023-01-18T11:25:54","slug":"cytaty","status":"publish","type":"page","link":"http:\/\/u239160.webh.me\/jakisproblem.pl\/index.php\/cytaty\/","title":{"rendered":"Cytaty"},"content":{"rendered":"<ul>\n<li>I never saw any of them again&#8211;except the cops. No way has yet been invented to say goodbye to them. [Raymond Chandler &#8211; Long Goodbye]<\/li>\n<li>Przecie\u017c Polska \u2013 w por\u00f3wnaniu z tym, co by\u0142o wcze\u015bniej, ale te\u017c z innymi krajami postkomunistycznymi \u2013 mia\u0142a niesamowicie prosperuj\u0105c\u0105 klas\u0119 \u015bredni\u0105, do niedawna bardzo siln\u0105 pozycj\u0119 mi\u0119dzynarodow\u0105, by\u0142a przoduj\u0105cym krajem w regionie z du\u017cym wp\u0142ywem na polityk\u0119 europejsk\u0105. Ale wszystko to zosta\u0142o odrzucone. Dla wielu ludzi wa\u017cniejsze by\u0142o skupienie si\u0119 na m\u0119cze\u0144stwie, stratach i pora\u017ckach. [Anne Appelbaum]<\/li>\n<li>Autorytarny polityk potrzebuje dziennikarzy, intelektualist\u00f3w, my\u015blicieli, ludzi od medi\u00f3w spo\u0142eczno\u015bciowych. Kogo\u015b, kto zorganizuje niezadowolenie ludzi i zmieni je w ruch polityczny. [Anne Appelbaum]<\/li>\n<li>Ka\u017cdy inteligentny cz\u0142owiek musi by\u0107 gotowy do przemy\u015blenia swojego zdania. Nie mo\u017cesz przez 30 lat nie zmienia\u0107 pogl\u0105d\u00f3w i pozosta\u0107 interesuj\u0105cym.<\/li>\n<li>Gottman uwa\u017ca, \u017ce nie ma czego\u015b takiego, jak dwie po\u0142\u00f3wki jab\u0142ka. Co to dla nas oznacza? \u017be wi\u0119kszo\u015b\u0107 uk\u0142ad\u00f3w mo\u017cna wypracowa\u0107, nauczy\u0107 si\u0119 bycia razem [Ola D\u0142ugo\u0142\u0119cka]<\/li>\n<li>Niewa\u017cne, co nam zrobiono. Wa\u017cne, co my zrobili\u015bmy z tym, co nam zrobiono. [Andrzej Gry\u017cewski]<\/li>\n<li>Wszystko, co s\u0142yszymy jest opini\u0105, nie faktem. Wszystko, co widzimy jest punktem widzenia, nie prawd\u0105. [Marek Aureliusz]<\/li>\n<li>Zostawi\u0142e\u015b mnie sam\u0105 w pustym mie\u015bcie, w kt\u00f3rym pe\u0142no jest tylko Twojej nieobecno\u015bci [Agnieszka Osiecka &#8211; Listy na wyczerpanym papierze]<\/li>\n<li>&#8230;osobi\u015bcie preferuj\u0119 wypr\u00f3bowane recepty, jak <strong>dialog i szacunek\u00a0<\/strong>dla innych punkt\u00f3w widzenia, a tak\u017ce kompromisty, szukanie porozumienia przy jednoczesnym nietraceniu z oczu ca\u0142o\u015bci sprawy [El\u017cbieta II Windsor]<\/li>\n<li>Ostatecznie komputer jest jedynie narz\u0119dziem stanowi\u0105cym przed\u0142u\u017cenie naszego umys\u0142u. Muzyka komponowane przez algorytmy jest tak samo nasza, jak ta stworzona pod wp\u0142ywem naszej najbardziej ludzkiej inspiracji [David Cope &#8211; tw\u00f3rca EMI, programu do komponowania muzyki zgodnej ze stylem danego kompozytora]<\/li>\n<li>Dlatego dla tej historii [chodzi o wzrost liczby uzale\u017cnionych od narkotyk\u00f3w w USA]\u00a0 kluczowy jest nie tyle czynnik ekonomiczny, ile spo\u0142eczna izolacja i upadek wsp\u00f3lnot, jakie charakteryzuj\u0105 p\u00f3\u017any kapitalizm [Sam Quinones]<\/li>\n<li>To by w sumie mo\u017cna nazwa\u0107 sukcesem apokalipsy \u2013 jest si\u0119 kr\u00f3lem \u015bwiata. Ale nie ma kr\u00f3lowej. I to jest fiasko triumfu, bo tego triumfu zwyczajnie nie ma komu okaza\u0107, czyli jest, jakby go nie by\u0142o. [Jerzy Pilch]<\/li>\n<li>Warto przy tym zawsze pami\u0119ta\u0107, \u017ce politycy to nie \u017cadni m\u0119\u017cowie stanu, tylko jedna z wielu grup zawodowych. \u017byj\u0105 z polityki i ju\u017c. Lepiej \u017cyj\u0105, gdy rz\u0105dz\u0105, gorzej &#8211; gdy s\u0105 w opozycji. I \u017ceby \u017cy\u0107 lepiej, musz\u0105 sprytniej sprzeda\u0107 sw\u00f3j towarek, a jest nim mira\u017c szcz\u0119\u015bcia. Nie r\u00f3\u017cni\u0105 si\u0119 w tym niczym od komiwoja\u017cer\u00f3w lub ksi\u0119\u017cy. Sprzedaj\u0105 u\u0142ud\u0119. Wiar\u0119. Fatamorgan\u0119. Owszem, zdarza si\u0119, \u017ce nie k\u0142ami\u0105. Kiedy nie musz\u0105. Ale zazwyczaj musz\u0105. I dla nich to wprost wymarzona sytuacja, \u017ce najliczniejszy elektorat w Polsce jest najmniej kumaty. Takim naj\u0142atwiej wcisn\u0105\u0107 kit.\u00a0[Andrzej Saramonowicz]<br \/>\nNiestety. Arytmetyka wyborcza jest bezwzgl\u0119dna i politycy wiedz\u0105 doskonale, \u017ce najwi\u0119cej jest w Polsce ludzi najs\u0142abiej wykszta\u0142conych. Czyli takich, kt\u00f3rzy maj\u0105 najs\u0142abiej wykszta\u0142cony aparat krytyczny i kt\u00f3rymi naj\u0142atwiej jest manipulowa\u0107. I czyni\u0105 to politycy z cyniczn\u0105 bezwzgl\u0119dno\u015bci\u0105.\u00a0[Andrzej Saramonowicz]<\/li>\n<li>&#8230;patriotyzm to nieokradanie swojego miejsca pracy. To p\u0142acenie podatk\u00f3w. To jedno\u015b\u0107 w wielo\u015bci i r\u00f3\u017cnorodno\u015bci, a nie obsesja jednolito\u015bci we wszystkim. To przekonanie, \u017ce Polsk\u0119 mog\u0105 wsp\u00f3\u0142tworzy\u0107 ludzie, kt\u00f3rych rodzice nie byli Polakami. To wiara, \u017ce polsko\u015b\u0107 jest czym\u015b wi\u0119cej ni\u017c zwi\u0105zkiem krwi. Ni\u017c haplogrup\u0105. To silne przekonanie, \u017ce kultura polska i nasz spos\u00f3b \u017cycia mog\u0105 przyci\u0105gn\u0105\u0107 ludzi z innych cz\u0119\u015bci \u015bwiata, kt\u00f3rzy b\u0119d\u0105 chcieli \u017cy\u0107 w Polsce, w\u015br\u00f3d Polak\u00f3w i \u017ce b\u0119d\u0105 chcieli stawa\u0107 si\u0119 nami, bo polsko\u015b\u0107 b\u0119dzie si\u0119 dla nich kojarzy\u0142a z atrakcj\u0105, a nie obci\u0105\u017ceniem. Uwa\u017cam, \u017ce patriotyzm to przyci\u0105ganie innych, a nie wyimaganowane tropienie zdrajc\u00f3w we w\u0142asnych szeregach.[Andrzej Saramonowicz]<br \/>\nA dzieje si\u0119 tak dlatego, \u017ce dla pisowskich propagandyst\u00f3w wa\u017cne s\u0105 jedynie atrapy warto\u015bci i jakie\u015b \u017ca\u0142osne kikuty kulturowe. [Andrzej Saramonowicz]<\/li>\n<li>&#8230;chcia\u0142em rozszyfrowa\u0107 mechanizm psychologiczny, wedle kt\u00f3rego w rodzinach o pewnych rzeczach si\u0119 milczy. Kto i w jaki spos\u00f3b o tym decyduje? Kto dzier\u017cy w\u0142adz\u0119 nad pami\u0119ci\u0105? Pomy\u015bl o swoich krewnych, wujkach i ciotkach, kt\u00f3rych spotykasz podczas \u015bwi\u0105t. Ka\u017cdego &#8222;czytasz&#8221; wed\u0142ug okre\u015blonej etykietki. Kto j\u0105 nada\u0142 i na ile jest ona zgodna z prawd\u0105? Do kogo w og\u00f3le nale\u017cy prawda o rodzinie i w jaki spos\u00f3b wp\u0142ywa ona na nasze \u017cycie, przenikaj\u0105c do kolejnych pokole\u0144?<br \/>\n[Sacha Batthyany]<\/li>\n<li>Czasu nie da si\u0119 cofn\u0105\u0107, decyzji nie da si\u0119 zmieni\u0107, wi\u0119c lepiej zaakceptowa\u0107 to, co si\u0119 wydarzy\u0142o. Bo \u017cycia nie si\u0119 powt\u00f3rzy\u0107. [El\u017cbieta Czy\u017cewska]<\/li>\n<li>Istnieje teoria krzywych zwierciade\u0142 ks. Tischnera. M\u00f3wi ona o tym, \u017ce jakie\u015b z\u0142o wk\u0142ada mi\u0119dzy ludzi krzywe zwierciad\u0142a. Kiedy patrz\u0119 na drugiego cz\u0142owieka, widz\u0119 obrzydliw\u0105, wykrzywion\u0105 mord\u0119 przeciwnika. Nie wiem o tym, \u017ce on widzi dok\u0142adnie tak samo moj\u0105 twarz. Tracimy ca\u0142\u0105 swoj\u0105 energi\u0119 na nienawi\u015b\u0107 do siebie i nie dostrzegamy, \u017ce wystarczy usun\u0105\u0107 krzywe zwierciad\u0142o i dostrzec po drugiej stronie kogo\u015b, kto w gruncie rzeczy jest takim samym cz\u0142owiekiem jak ja i \u017ce mo\u017ce nam cz\u0119sto o to samo chodzi. Musimy jednak nauczy\u0107 si\u0119 ze sob\u0105 rozmawia\u0107. Zaczarowa\u0107 rzeczywisto\u015b\u0107. [Anna Dymna]<\/li>\n<li>Pa\u0144stwo to s\u0105 instytucje, w kt\u00f3re wierz\u0105 obywatele. I w sytuacjach krytycznych dla istnienia pa\u0144stwa to nie politycy, nie idee, ale instytucje s\u0105 gwarantem przetrwania. Administracja, armia i policja, samorz\u0105dy, nawet ZUS, bo cz\u0119\u015b\u0107 Polak\u00f3w co\u015b tam z ZUSu dostanie. [Bart\u0142omiej Sienkiewicz]<\/li>\n<li>Inwestycja w pa\u0144stwo opiera si\u0119 na wiarygodno\u015bci jego instytucji. Wi\u0119c gdy w kraju, kt\u00f3ry trzy razy w ci\u0105gu trzech pokole\u0144 budowa\u0142 swoje istnienie od zera, nowa w\u0142adza zohydza zbudowane przez poprzednik\u00f3w instytucje, to rozpie***a pa\u0144stwo polskie w drzazgi\u00a0[Bart\u0142omiej Sienkiewicz]<\/li>\n<li>PiS bardzo sprawnie zarz\u0105dza ludzk\u0105 ma\u0142o\u015bci\u0105. To jest spos\u00f3b rz\u0105dzenia przypominaj\u0105cy systemy autorytarne, w kt\u00f3rych mamy do czynienia z odwr\u00f3ceniem znak\u00f3w moralnych. Ludzk\u0105 miernot\u0119 wynosi si\u0119 do rangi cnoty i pozwala ludziom, \u017ceby byli \u017ali. W cenie jest podsycana przez PiS pod\u0142o\u015b\u0107 [Barbara Engelking]<\/li>\n<li>Zdanie &#8222;nie da si\u0119 zrozumie\u0107 Auschwitz&#8221; nie m\u00f3wi nic o samym Auschwitz. M\u00f3wi tylko o tym, \u017ce wypowiadaj\u0105cy je cz\u0142owiek tego Auschwitz nie rozumie. I jak pan m\u00f3wi, \u017ce si\u0119 panu Polacy pod p\u0142on\u0105c\u0105 swastyk\u0105 nie mieszcz\u0105 w g\u0142owie, to nie m\u00f3wi pan o nich, a jedynie o granicach w\u0142asnej wyobra\u017ani [dr Pawe\u0142 Dobrosielski]<\/li>\n<li>Boj\u0119 si\u0119 ludzi. W m\u0142odo\u015bci by\u0142em chorobliwie wstydliwy, introwertyczny, pochowany, pozamykany, z nisk\u0105 samoocen\u0105. Pochodz\u0119 z ma\u0142ego miasteczka, chcia\u0142em si\u0119 ochroni\u0107 przed tym, co mnie mo\u017ce spotka\u0107 z\u0142ego, nauczy\u0107 udawa\u0107 kogo\u015b innego, dowarto\u015bciowa\u0107. Potrzebowa\u0142em mechanizmu obronnego, \u017ceby nie da\u0107 si\u0119 po\u017cre\u0107.[Arkadiusz Jakubik]<\/li>\n<li>Dzia\u0142ania o istotnym, d\u0142ugoterminowym wp\u0142ywie, przynosz\u0105 efekty po kilku latach [Jakub Borowski o efektach w gospodarce]<\/li>\n<li>Dzi\u015b trudno zrobi\u0107 film bez s\u0142\u00f3w, niedopowiedziany, otwarty na interpretacje [Bogdan Dziworski]<\/li>\n<li>\u201cMostly I just kill time,&#8221; he said, &#8222;and it dies hard.\u201d\u00a0 [Raymond Chandler,\u00a0<span id=\"quote_book_link_2054\">The Long Goodbye]<\/span><\/li>\n<li>I never saw any of them again \u2014 except the cops. No way has yet been invented to say goodbye to them.\u00a0[Raymond Chandler,\u00a0<span id=\"quote_book_link_2054\">The Long Goodbye]<\/span><\/li>\n<li>Liderzy partii z jej prezesem na czele g\u0142\u0119boko wierz\u0105, \u017ce jak si\u0119 ma w\u0142adze to nie po to, by akceptowa\u0107 ograniczenia ze strony jakiejkolwiek regulacji czy instancji &#8211; m\u00f3wi Tusk.<\/li>\n<li>Jaros\u0142aw\u00a0Kaczy\u0144ski nigdy nie ukrywa\u0142 fascynacji filozofi\u0105 polityczn\u0105, w kt\u00f3rej w\u0142adza jest ponad prawem, a nie prawo ponad w\u0142adz\u0105. Gdzie rz\u0105dz\u0105 ludzie, albo jeden cz\u0142owiek, a nie zasady i regu\u0142y. [Donald Tusk]<\/li>\n<\/ul>\n","protected":false},"excerpt":{"rendered":"<p class=\"excerpt\">I never saw any of them again&#8211;except the cops. No way has yet been invented to say goodbye to them. [Raymond Chandler &#8211; Long Goodbye] Przecie\u017c Polska \u2013 w por\u00f3wnaniu z tym, co by\u0142o wcze\u015bniej, ale te\u017c z innymi krajami postkomunistycznymi \u2013 mia\u0142a niesamowicie prosperuj\u0105c\u0105 klas\u0119 \u015bredni\u0105, do niedawna bardzo siln\u0105 pozycj\u0119 mi\u0119dzynarodow\u0105, by\u0142a przoduj\u0105cym&hellip;<\/p>\n<p class=\"more-link-p\"><a class=\"more-link\" href=\"http:\/\/u239160.webh.me\/jakisproblem.pl\/index.php\/cytaty\/\">Read more &rarr;<\/a><\/p>\n","protected":false},"author":1,"featured_media":0,"parent":0,"menu_order":0,"comment_status":"closed","ping_status":"closed","template":"","meta":{"footnotes":""},"class_list":["post-1708","page","type-page","status-publish","hentry"],"_links":{"self":[{"href":"http:\/\/u239160.webh.me\/jakisproblem.pl\/index.php\/wp-json\/wp\/v2\/pages\/1708","targetHints":{"allow":["GET"]}}],"collection":[{"href":"http:\/\/u239160.webh.me\/jakisproblem.pl\/index.php\/wp-json\/wp\/v2\/pages"}],"about":[{"href":"http:\/\/u239160.webh.me\/jakisproblem.pl\/index.php\/wp-json\/wp\/v2\/types\/page"}],"author":[{"embeddable":true,"href":"http:\/\/u239160.webh.me\/jakisproblem.pl\/index.php\/wp-json\/wp\/v2\/users\/1"}],"replies":[{"embeddable":true,"href":"http:\/\/u239160.webh.me\/jakisproblem.pl\/index.php\/wp-json\/wp\/v2\/comments?post=1708"}],"version-history":[{"count":16,"href":"http:\/\/u239160.webh.me\/jakisproblem.pl\/index.php\/wp-json\/wp\/v2\/pages\/1708\/revisions"}],"predecessor-version":[{"id":2476,"href":"http:\/\/u239160.webh.me\/jakisproblem.pl\/index.php\/wp-json\/wp\/v2\/pages\/1708\/revisions\/2476"}],"wp:attachment":[{"href":"http:\/\/u239160.webh.me\/jakisproblem.pl\/index.php\/wp-json\/wp\/v2\/media?parent=1708"}],"curies":[{"name":"wp","href":"https:\/\/api.w.org\/{rel}","templated":true}]}}