{"id":1128,"date":"2015-04-07T16:23:52","date_gmt":"2015-04-07T15:23:52","guid":{"rendered":"http:\/\/www.venco.com.pl\/~cozy\/blog\/?page_id=1128"},"modified":"2021-01-10T21:24:20","modified_gmt":"2021-01-10T20:24:20","slug":"mysli","status":"publish","type":"page","link":"http:\/\/u239160.webh.me\/jakisproblem.pl\/index.php\/mysli\/","title":{"rendered":"My\u015bli"},"content":{"rendered":"<ul>\n<li>Neurologia opisuje zjawisko uzale\u017cnienia od z\u0142o\u015bci. W\u015bciek\u0142o\u015b\u0107 uwalnia do krwi dopamin\u0119, co przynosi przyjemno\u015b\u0107 i odpr\u0119\u017cenie. Je\u015bli w czasach Marksa opium dla mas by\u0142a religia \u2013 pisa\u0142 jeden z recenzent\u00f3w filmu Senko \u2013 teraz jest nim Fox News.<\/li>\n<li>Dop\u00f3ki pozostaj\u0105 [ opowie\u015bci i legendy, kt\u00f3re dzi\u015b nazwaliby\u015bmy teoriami spiskowymi] na marginesie debaty, polityki i przekazu medialnego, s\u0105 raczej niegro\u017ane, bywaj\u0105 zabawne i wyznaczaj\u0105 granice racjonalnego dyskursu. Ale kiedy bzdury przesuwaj\u0105 si\u0119 do g\u0142\u00f3wnego nurtu, przestaj\u0105 by\u0107 bzdurami, a staj\u0105 si\u0119 r\u00f3wnouprawnionymi pogl\u0105dami traktowanymi tak samo jak te oparte na rozumie. Nagle wiedza i nauka s\u0105 jedynie opiniami. Merytoryczny os\u0105d uczonego jest tyle samo wart co histeryczny monolog prezentera radiowego albo kazanie wiejskiego pastora. [Charles Pierce]<\/li>\n<li>\n<p class=\"art_paragraph\">W 2009 r. Charles Pierce w g\u0142o\u015bnej ksi\u0105\u017cce \u201eIdiot America. How Stupidity Became a Virtue in the Land of the Free\u201d (\u201eAmeryka idiot\u00f3w. Jak g\u0142upota sta\u0142a si\u0119 cnot\u0105 w ojczy\u017anie wolno\u015bci\u201d) zdefiniowa\u0142 \u201etrzy wielkie zasady Ameryki idiot\u00f3w\u201d:<\/p>\n<p class=\"art_paragraph\">1. Ka\u017cda teoria jest uprawniona, je\u015bli nap\u0119dza sprzeda\u017c ksi\u0105\u017cek, winduje ogl\u0105dalno\u015b\u0107 lub zwi\u0119ksza obr\u00f3t jakimkolwiek towarem.<\/p>\n<p class=\"art_paragraph\">2. Wszystko mo\u017ce by\u0107 prawd\u0105, je\u015bli zostanie wystarczaj\u0105co g\u0142o\u015bno wypowiedziane.<\/p>\n<p class=\"art_paragraph\">3. Fakt to co\u015b, w co wierzy wystarczaj\u0105cy odsetek populacji, a istotno\u015b\u0107 faktu okre\u015blana jest przez gorliwo\u015b\u0107 wiary.<\/p>\n<\/li>\n<li>[o zdaniach] Po co mia\u0142yby by\u0107 d\u0142u\u017csze, skoro mog\u0105 by\u0107 kr\u00f3tsze? Wa\u017cne, by zmie\u015bci\u0142o si\u0119 w nich to, co najwa\u017cniejsze. Nie ma sensu si\u0119 rozpisywa\u0107 i utrudnia\u0107 \u017cycia czytelnikowi. [Hanna Krall]<\/li>\n<li>Jaki to ma sens, wie pan mo\u017ce? \u017badnego to nie ma sensu. To jest w\u0142a\u015bnie najstraszniejsze, \u017ce ca\u0142a ta Zag\u0142ada by\u0142a po nic. Marek m\u00f3wi\u0142 czasem, \u017ce pogarda dla \u017cycia, kt\u00f3ra tak si\u0119 rozla\u0142a po \u015bwiecie, wzi\u0119\u0142a si\u0119 w\u0142a\u015bnie z Zag\u0142ady. Z tego, \u017ce ludzko\u015b\u0107 si\u0119 dowiedzia\u0142a, z jak\u0105 \u0142atwo\u015bci\u0105 mo\u017cna zabija\u0107. [Hanna Krall]<\/li>\n<li>S\u0105 takie interpretacje, kt\u00f3re twierdz\u0105, \u017ce patriarchalizm wywodzi si\u0119 z kultury elit, bo to w elitach kobieta musia\u0142a tylko rodzi\u0107 i \u0142adnie wygl\u0105da\u0107. Tymczasem na wsi kobiety pe\u0142ni\u0142y niezwykle wa\u017cn\u0105 rol\u0119: pracowa\u0142y, zarz\u0105dza\u0142y gospodarstwem domowym, wychowywa\u0142y dzieci &#8211; nie mia\u0142y przecie\u017c nia\u0144 i guwernantek &#8211; i bra\u0142y aktywny udzia\u0142 w ch\u0142opskich buntach. Wynika\u0142oby z tego, \u017ce w kulturze ludowej pozycja kobiety mog\u0142a by\u0107 znaczniejsza ni\u017c w warstwach wy\u017cszych [Dr Micha\u0142 Rauszer &#8211; Czas na opowiedzenie historii ch\u0142op\u00f3w]<\/li>\n<li>&#8230;ogromna cz\u0119\u015b\u0107 proces\u00f3w psychicznych jest nie\u015bwiadoma, \u017ce \u017cyjemy w kulturze, kt\u00f3ra stawia nam okre\u015blone wymagania, itd. [dr hab.\u00a0Bart\u0142omiej Dobroczy\u0144ski -]<\/li>\n<li>W psychologii to, co si\u0119 dzieje w psychice cz\u0142owieka, dzieli si\u0119 na dwa typy wydarze\u0144 &#8211; &#8222;happenings&#8221;, czyli to, co mu si\u0119 przydarza, czego doznaje, czego jest obiektem, i &#8222;doings&#8221;, czyli to, co robi, czemu mo\u017ce przypisa\u0107 swoje sprawstwo, czego jest podmiotem.\u00a0[dr hab.\u00a0Bart\u0142omiej Dobroczy\u0144ski -]<\/li>\n<li>Ateizm jest rzecz\u0105 wyj\u0105tkow\u0105 w wi\u0119kszo\u015bci spo\u0142ecze\u0144stw, w kt\u00f3rych robiono eksperyment. Ateista w spo\u0142ecze\u0144stwie ludzi wierz\u0105cych musia\u0142 przecie\u017c w jaki\u015b spos\u00f3b doj\u015b\u0107 do swojego ateizmu. Nie uleg\u0142 presji grupy i zapewne wiele razy w swoim \u017cyciu musia\u0142 si\u0119 zachowa\u0107 inaczej ni\u017c inni. Wykszta\u0142ci\u0142 schematy reagowania &#8211; nie zawsze pod\u0105\u017ca za wi\u0119kszo\u015bci\u0105, nie robi tego, co jest oczywiste dla innych ludzi. Z kolei g\u0142\u0119boka religijno\u015b\u0107 nakazuje wierz\u0105cemu \u017cycie w zgodzie z normami religijnymi, kt\u00f3re najcz\u0119\u015bciej m\u00f3wi\u0105, \u017ce nie mo\u017cna krzywdzi\u0107 cz\u0142owieka. [prof. Dariusz Doli\u0144ski]<\/li>\n<li><span class=\"font-italic\">Daj mi Bo\u017ce, spok\u00f3j ducha, abym pogodzi\u0142 si\u0119 z tym, czego nie mog\u0119 zmieni\u0107, daj mi odwag\u0119, abym zmieni\u0142 to, co mog\u0119 zmieni\u0107, i rozum, abym m\u00f3g\u0142 te dwie rzeczy rozr\u00f3\u017cni\u0107.&#8221;\u00a0Modlitwa o spok\u00f3j ducha<\/span><\/li>\n<li>Kto? Z kim,? Co?\u00a0 Z czym? Przy pomocy czego? Czemu to s\u0142u\u017cy? Cui bono fuerit?<\/li>\n<li>&#8230;g\u0142\u0119bokie reformy wewn\u0119trzne, oddzielaj\u0105ce pa\u0144stwo od gospodarki, religii i\u00a0\u017cycia prywatnego obywateli oraz gwarantuj\u0105ce niezale\u017cno\u015b\u0107 s\u0105downictwa, medi\u00f3w, \u017cycia obywatelskiego, politycznego i\u00a0kulturalnego od nacisk\u00f3w w\u0142adzy centralnej.[Adam Szostkiewicz &#8211;\u00a0Dyskretny urok Konfucjusza 21 marca 2006]<\/li>\n<\/ul>\n","protected":false},"excerpt":{"rendered":"<p class=\"excerpt\">Neurologia opisuje zjawisko uzale\u017cnienia od z\u0142o\u015bci. W\u015bciek\u0142o\u015b\u0107 uwalnia do krwi dopamin\u0119, co przynosi przyjemno\u015b\u0107 i odpr\u0119\u017cenie. Je\u015bli w czasach Marksa opium dla mas by\u0142a religia \u2013 pisa\u0142 jeden z recenzent\u00f3w filmu Senko \u2013 teraz jest nim Fox News. Dop\u00f3ki pozostaj\u0105 [ opowie\u015bci i legendy, kt\u00f3re dzi\u015b nazwaliby\u015bmy teoriami spiskowymi] na marginesie debaty, polityki i przekazu&hellip;<\/p>\n<p class=\"more-link-p\"><a class=\"more-link\" href=\"http:\/\/u239160.webh.me\/jakisproblem.pl\/index.php\/mysli\/\">Read more &rarr;<\/a><\/p>\n","protected":false},"author":1,"featured_media":0,"parent":0,"menu_order":0,"comment_status":"open","ping_status":"closed","template":"","meta":{"footnotes":""},"class_list":["post-1128","page","type-page","status-publish","hentry"],"_links":{"self":[{"href":"http:\/\/u239160.webh.me\/jakisproblem.pl\/index.php\/wp-json\/wp\/v2\/pages\/1128","targetHints":{"allow":["GET"]}}],"collection":[{"href":"http:\/\/u239160.webh.me\/jakisproblem.pl\/index.php\/wp-json\/wp\/v2\/pages"}],"about":[{"href":"http:\/\/u239160.webh.me\/jakisproblem.pl\/index.php\/wp-json\/wp\/v2\/types\/page"}],"author":[{"embeddable":true,"href":"http:\/\/u239160.webh.me\/jakisproblem.pl\/index.php\/wp-json\/wp\/v2\/users\/1"}],"replies":[{"embeddable":true,"href":"http:\/\/u239160.webh.me\/jakisproblem.pl\/index.php\/wp-json\/wp\/v2\/comments?post=1128"}],"version-history":[{"count":5,"href":"http:\/\/u239160.webh.me\/jakisproblem.pl\/index.php\/wp-json\/wp\/v2\/pages\/1128\/revisions"}],"predecessor-version":[{"id":2322,"href":"http:\/\/u239160.webh.me\/jakisproblem.pl\/index.php\/wp-json\/wp\/v2\/pages\/1128\/revisions\/2322"}],"wp:attachment":[{"href":"http:\/\/u239160.webh.me\/jakisproblem.pl\/index.php\/wp-json\/wp\/v2\/media?parent=1128"}],"curies":[{"name":"wp","href":"https:\/\/api.w.org\/{rel}","templated":true}]}}